{"id":474,"date":"2016-09-27T14:50:57","date_gmt":"2016-09-27T13:50:57","guid":{"rendered":"https:\/\/www.repromeda.fr\/?page_id=474"},"modified":"2017-01-18T17:04:57","modified_gmt":"2017-01-18T16:04:57","slug":"examen-du-couple","status":"publish","type":"page","link":"https:\/\/www.repromeda.fr\/?page_id=474","title":{"rendered":"Examen du couple"},"content":{"rendered":"<p>Dans un tiers des cas, la cause d&rsquo;infertilit\u00e9 est principalement f\u00e9minine, dans un tiers ladite cause est principalement masculine et pour le reste des cas, il s&rsquo;agit d&rsquo;une combinaison de facteurs chez les deux partenaires. De ce fait, il est incorrect de parler d&rsquo;infertilit\u00e9 de la femme ou de l&rsquo;homme mais de l&rsquo;infertilit\u00e9 du couple.<\/p>\n<p>Un couple est consid\u00e9r\u00e9 comme infertile s&rsquo;il a des rapports r\u00e9guliers et n&rsquo;arrive pas \u00e0 concevoir un enfant pendant une dur\u00e9e de 6 \u00e0 12 mois. Dans ce cas, nous proc\u00e9dons \u00e0 un examen complet.<\/p>\n<p>Chaque couple peut avoir une diff\u00e9rente combinaison des causes et des facteurs d&rsquo;infertilit\u00e9, de ce fait, les proc\u00e9dures d&rsquo;examen et de traitement sont \u00e9galement diff\u00e9rentes d&rsquo;un couple \u00e0 l&rsquo;autre. Selon les r\u00e9sultats des examens cliniques et de laboratoire de base, d&rsquo;autres examens de laboratoire sp\u00e9cifiques sont ensuite recommand\u00e9s.<\/p>\n<h2>Examen de la femme<\/h2>\n<h3>Examen de base<\/h3>\n<p>Parmi les examens de base chez la femme, figure :<\/p>\n<ul>\n<li>\u00c9chographie du petit bassin et examen gyn\u00e9cologique<\/li>\n<li>Bilan des hormones sexuelles f\u00e9minines<\/li>\n<li>Bilan des hormones de la thyro\u00efde<\/li>\n<li>Tests de d\u00e9pistage des maladies sexuellement transmissibles<\/li>\n<li>Test immunologique<\/li>\n<li>Analyse g\u00e9n\u00e9tique (Caryotype)<\/li>\n<li>Test de la perm\u00e9abilit\u00e9 des trompes de Fallope et hyst\u00e9roscopie (dans les cas pr\u00e9cis)<\/li>\n<\/ul>\n<h2>Examen de l&rsquo;homme<\/h2>\n<h3>Examen de base<\/h3>\n<p>Parmi les examens de base chez l&rsquo;homme figure :<\/p>\n<ul>\n<li>Diagnostic d&rsquo;anomalie du spermogramme et analyse du sperme en milieu de culture<\/li>\n<li>Analyse g\u00e9n\u00e9tique<\/li>\n<li>Test immunologique<\/li>\n<li>Examen urologique si un trouble grave a \u00e9t\u00e9 d\u00e9tect\u00e9 lors du diagnostic du spermogramme<\/li>\n<\/ul>\n","protected":false},"excerpt":{"rendered":"<p>Dans un tiers des cas, la cause d&rsquo;infertilit\u00e9 est principalement f\u00e9minine, dans un tiers <a class=\"link\" href=\"https:\/\/www.repromeda.fr\/?page_id=474\">Lire la&nbsp;suite<\/a><\/p>\n","protected":false},"author":2,"featured_media":0,"parent":384,"menu_order":0,"comment_status":"closed","ping_status":"closed","template":"templates\/services.php","meta":{"_acf_changed":false,"footnotes":""},"acf":[],"yoast_head":"<!-- This site is optimized with the Yoast SEO plugin v22.2 - https:\/\/yoast.com\/wordpress\/plugins\/seo\/ -->\n<title>Examen du couple - Repromeda<\/title>\n<meta name=\"robots\" content=\"index, follow, max-snippet:-1, max-image-preview:large, max-video-preview:-1\" \/>\n<link rel=\"canonical\" href=\"https:\/\/www.repromeda.fr\/?page_id=474\" \/>\n<meta property=\"og:locale\" content=\"fr_FR\" \/>\n<meta property=\"og:type\" content=\"article\" \/>\n<meta property=\"og:title\" content=\"Examen du couple - Repromeda\" \/>\n<meta property=\"og:description\" content=\"Dans un tiers des cas, la cause d&rsquo;infertilit\u00e9 est principalement f\u00e9minine, dans un tiers Lire la&nbsp;suite\" \/>\n<meta property=\"og:url\" content=\"https:\/\/www.repromeda.fr\/?page_id=474\" \/>\n<meta property=\"og:site_name\" content=\"Repromeda\" \/>\n<meta property=\"article:modified_time\" content=\"2017-01-18T16:04:57+00:00\" \/>\n<meta property=\"og:image\" content=\"https:\/\/www.repromeda.fr\/wp-content\/uploads\/repromeda-social.png\" \/>\n\t<meta property=\"og:image:width\" content=\"1200\" \/>\n\t<meta property=\"og:image:height\" content=\"630\" \/>\n\t<meta property=\"og:image:type\" content=\"image\/png\" \/>\n<meta name=\"twitter:card\" content=\"summary_large_image\" \/>\n<meta name=\"twitter:label1\" content=\"Dur\u00e9e de lecture estim\u00e9e\" \/>\n\t<meta name=\"twitter:data1\" content=\"1 minute\" \/>\n<script type=\"application\/ld+json\" class=\"yoast-schema-graph\">{\"@context\":\"https:\/\/schema.org\",\"@graph\":[{\"@type\":\"WebPage\",\"@id\":\"https:\/\/www.repromeda.fr\/?page_id=474\",\"url\":\"https:\/\/www.repromeda.fr\/?page_id=474\",\"name\":\"Examen du couple - Repromeda\",\"isPartOf\":{\"@id\":\"https:\/\/www.repromeda.fr\/#website\"},\"datePublished\":\"2016-09-27T13:50:57+00:00\",\"dateModified\":\"2017-01-18T16:04:57+00:00\",\"breadcrumb\":{\"@id\":\"https:\/\/www.repromeda.fr\/?page_id=474#breadcrumb\"},\"inLanguage\":\"fr-FR\",\"potentialAction\":[{\"@type\":\"ReadAction\",\"target\":[\"https:\/\/www.repromeda.fr\/?page_id=474\"]}]},{\"@type\":\"BreadcrumbList\",\"@id\":\"https:\/\/www.repromeda.fr\/?page_id=474#breadcrumb\",\"itemListElement\":[{\"@type\":\"ListItem\",\"position\":1,\"name\":\"Repromeda\",\"item\":\"https:\/\/www.repromeda.fr\/\"},{\"@type\":\"ListItem\",\"position\":2,\"name\":\"Soins propos\u00e9s\",\"item\":\"https:\/\/www.repromeda.fr\/?page_id=92\"},{\"@type\":\"ListItem\",\"position\":3,\"name\":\"Traitement contre l&rsquo;infertilit\u00e9\",\"item\":\"https:\/\/www.repromeda.fr\/?page_id=382\"},{\"@type\":\"ListItem\",\"position\":4,\"name\":\"FIV\u00a0: F\u00c9CONDATION IN VITRO\",\"item\":\"https:\/\/www.repromeda.fr\/?page_id=384\"},{\"@type\":\"ListItem\",\"position\":5,\"name\":\"Examen du couple\"}]},{\"@type\":\"WebSite\",\"@id\":\"https:\/\/www.repromeda.fr\/#website\",\"url\":\"https:\/\/www.repromeda.fr\/\",\"name\":\"Repromeda\",\"description\":\"Reproduk\u010dn\u00ed klinika\",\"potentialAction\":[{\"@type\":\"SearchAction\",\"target\":{\"@type\":\"EntryPoint\",\"urlTemplate\":\"https:\/\/www.repromeda.fr\/?s={search_term_string}\"},\"query-input\":\"required name=search_term_string\"}],\"inLanguage\":\"fr-FR\"}]}<\/script>\n<!-- \/ Yoast SEO plugin. -->","yoast_head_json":{"title":"Examen du couple - Repromeda","robots":{"index":"index","follow":"follow","max-snippet":"max-snippet:-1","max-image-preview":"max-image-preview:large","max-video-preview":"max-video-preview:-1"},"canonical":"https:\/\/www.repromeda.fr\/?page_id=474","og_locale":"fr_FR","og_type":"article","og_title":"Examen du couple - Repromeda","og_description":"Dans un tiers des cas, la cause d&rsquo;infertilit\u00e9 est principalement f\u00e9minine, dans un tiers Lire la&nbsp;suite","og_url":"https:\/\/www.repromeda.fr\/?page_id=474","og_site_name":"Repromeda","article_modified_time":"2017-01-18T16:04:57+00:00","og_image":[{"width":1200,"height":630,"url":"https:\/\/www.repromeda.fr\/wp-content\/uploads\/repromeda-social.png","type":"image\/png"}],"twitter_card":"summary_large_image","twitter_misc":{"Dur\u00e9e de lecture estim\u00e9e":"1 minute"},"schema":{"@context":"https:\/\/schema.org","@graph":[{"@type":"WebPage","@id":"https:\/\/www.repromeda.fr\/?page_id=474","url":"https:\/\/www.repromeda.fr\/?page_id=474","name":"Examen du couple - Repromeda","isPartOf":{"@id":"https:\/\/www.repromeda.fr\/#website"},"datePublished":"2016-09-27T13:50:57+00:00","dateModified":"2017-01-18T16:04:57+00:00","breadcrumb":{"@id":"https:\/\/www.repromeda.fr\/?page_id=474#breadcrumb"},"inLanguage":"fr-FR","potentialAction":[{"@type":"ReadAction","target":["https:\/\/www.repromeda.fr\/?page_id=474"]}]},{"@type":"BreadcrumbList","@id":"https:\/\/www.repromeda.fr\/?page_id=474#breadcrumb","itemListElement":[{"@type":"ListItem","position":1,"name":"Repromeda","item":"https:\/\/www.repromeda.fr\/"},{"@type":"ListItem","position":2,"name":"Soins propos\u00e9s","item":"https:\/\/www.repromeda.fr\/?page_id=92"},{"@type":"ListItem","position":3,"name":"Traitement contre l&rsquo;infertilit\u00e9","item":"https:\/\/www.repromeda.fr\/?page_id=382"},{"@type":"ListItem","position":4,"name":"FIV\u00a0: F\u00c9CONDATION IN VITRO","item":"https:\/\/www.repromeda.fr\/?page_id=384"},{"@type":"ListItem","position":5,"name":"Examen du couple"}]},{"@type":"WebSite","@id":"https:\/\/www.repromeda.fr\/#website","url":"https:\/\/www.repromeda.fr\/","name":"Repromeda","description":"Reproduk\u010dn\u00ed klinika","potentialAction":[{"@type":"SearchAction","target":{"@type":"EntryPoint","urlTemplate":"https:\/\/www.repromeda.fr\/?s={search_term_string}"},"query-input":"required name=search_term_string"}],"inLanguage":"fr-FR"}]}},"_links":{"self":[{"href":"https:\/\/www.repromeda.fr\/index.php?rest_route=\/wp\/v2\/pages\/474"}],"collection":[{"href":"https:\/\/www.repromeda.fr\/index.php?rest_route=\/wp\/v2\/pages"}],"about":[{"href":"https:\/\/www.repromeda.fr\/index.php?rest_route=\/wp\/v2\/types\/page"}],"author":[{"embeddable":true,"href":"https:\/\/www.repromeda.fr\/index.php?rest_route=\/wp\/v2\/users\/2"}],"replies":[{"embeddable":true,"href":"https:\/\/www.repromeda.fr\/index.php?rest_route=%2Fwp%2Fv2%2Fcomments&post=474"}],"version-history":[{"count":9,"href":"https:\/\/www.repromeda.fr\/index.php?rest_route=\/wp\/v2\/pages\/474\/revisions"}],"predecessor-version":[{"id":3135,"href":"https:\/\/www.repromeda.fr\/index.php?rest_route=\/wp\/v2\/pages\/474\/revisions\/3135"}],"up":[{"embeddable":true,"href":"https:\/\/www.repromeda.fr\/index.php?rest_route=\/wp\/v2\/pages\/384"}],"wp:attachment":[{"href":"https:\/\/www.repromeda.fr\/index.php?rest_route=%2Fwp%2Fv2%2Fmedia&parent=474"}],"curies":[{"name":"wp","href":"https:\/\/api.w.org\/{rel}","templated":true}]}}