{"id":472,"date":"2016-09-27T14:38:52","date_gmt":"2016-09-27T13:38:52","guid":{"rendered":"https:\/\/www.repromeda.fr\/?page_id=472"},"modified":"2017-01-18T17:12:18","modified_gmt":"2017-01-18T16:12:18","slug":"premiere-consultation-et-conseils-specialises","status":"publish","type":"page","link":"https:\/\/www.repromeda.fr\/?page_id=472","title":{"rendered":"Premi\u00e8re consultation et conseils sp\u00e9cialis\u00e9s"},"content":{"rendered":"<h2>D\u00e9roulement des consultations<\/h2>\n<p>G\u00e9n\u00e9ralement, la dur\u00e9e des consultations est d&rsquo;environ 45 minutes. Les consultations sont dispos\u00e9es par des professionnels hautement comp\u00e9tents qui sont sp\u00e9cialis\u00e9s dans le domaine des solutions qui peuvent \u00eatre apport\u00e9es face aux facteurs d&rsquo;infertilit\u00e9 consid\u00e9r\u00e9s comme graves et particuli\u00e8rement complexes. Nous vous garantissons que vous obtiendrez toutes les informations, dont vous aurez besoin pour mener \u00e0 bien votre traitement, de mani\u00e8re tr\u00e8s compr\u00e9hensible. Vous aurez \u00e9galement un espace suffisant pour poser toutes vos questions.<\/p>\n<p>Nous proposons \u00e9galement des consultations sp\u00e9cialis\u00e9es d&rsquo;une dur\u00e9e d&rsquo;environ 60 minutes. Ces consultations sp\u00e9cialis\u00e9es sont destin\u00e9es aux couples ayant un pass\u00e9 de plusieurs cycles infructueux ou chez lesquels la grossesse s&rsquo;est arr\u00eat\u00e9e \u00e0 plusieurs reprises, o\u00f9 lorsqu&rsquo;ils pr\u00e9sentent des facteurs g\u00e9n\u00e9tiques d&rsquo;infertilit\u00e9 ou des risques de maladies h\u00e9r\u00e9ditaires.<\/p>\n<h2>Proc\u00e9dures alternatives<\/h2>\n<p>Dans le cadre d&rsquo;\u00e9largissement de nos services et des soins apport\u00e9s \u00e0 nos clients, nous proposons \u00e9galement des consultations dans le domaine de la m\u00e9decine holistique et de la m\u00e9decine traditionnelle chinoise (MTC). De cette fa\u00e7on, nous sommes en mesure d&rsquo;augmenter le taux de r\u00e9ussite \u00e9galement pour les couples qui n&rsquo;ont pas pu concevoir un enfant ou qui n&rsquo;ont pas pu donner naissance \u00e0 un enfant en bonne sant\u00e9 par l&rsquo;interm\u00e9diaire des techniques standard.<\/p>\n<h2>Espaces REPROMEDA Biology Park<\/h2>\n<p>Les consultations sont tenues dans des nouveaux locaux REPROMEDA Biology Park. Les cabinets proposent un agr\u00e9able environnement pour que vous puissiez vous sentir confortablement, et cela malgr\u00e9 le fait que vous rencontrez des difficult\u00e9s dans votre situation actuelle. L&rsquo;int\u00e9rieur de REPROMEDA Biology Park est con\u00e7u dans un design copiant le style de la philosophie Feng Shui de la Chine ancienne. Nos quatre cabinets ont \u00e9t\u00e9 nomm\u00e9 Bois, Terre, Eau et Feu, selon la th\u00e9orie chinoise des cinq \u00e9l\u00e9ments de Wu Xing. Le cinqui\u00e8me \u00e9l\u00e9ment est le m\u00e9tal qui est pr\u00e9sent dans les espaces int\u00e9rieurs ainsi que dans la construction du b\u00e2timent.<\/p>\n<h3>Quatre cabinets selon Feng Shui<\/h3>\n<p>Les couleurs de l&rsquo;\u00e9l\u00e9ment Bois sont des nuances de vert et de marron. Le bois repr\u00e9sente la cr\u00e9ativit\u00e9, le l\u00e2cher-prise, l&rsquo;adaptabilit\u00e9, l&rsquo;originalit\u00e9 et la compassion. Il contribue \u00e0 la r\u00e9g\u00e9n\u00e9ration et \u00e0 la gu\u00e9rison. Les couleurs du bois conviennent aux pi\u00e8ces de r\u00e9union. Voici la raison pourquoi nous avons choisi le nom Bois dans notre REPROMEDA Biology Park qui a \u00e9t\u00e9 d\u00e9licatement assorti avec les nuances de vert.<\/p>\n<p>Les couleurs de l&rsquo;\u00e9l\u00e9ment Terre sont l&rsquo;ocre, le sable et la terre cuite. La terre repr\u00e9sente la r\u00e9alit\u00e9, la stabilit\u00e9, la responsabilit\u00e9, l&rsquo;objectivit\u00e9, la bienveillance, la r\u00e9flexion et l&#8217;empathie. L&rsquo;\u00e9l\u00e9ment terre convient pour les \u00e9tages sup\u00e9rieurs et les espaces vitr\u00e9s. Chez REPROMED, nous voudrions vous procurer ladite empathie et bienveillance.<\/p>\n<p>Le feu est de couleur jaune, orange, rouge ou m\u00eame avec des tons de violet, d&rsquo;o\u00f9 les couleurs de cet \u00e9l\u00e9ment. L&rsquo;\u00e9l\u00e9ment Feu repr\u00e9sente la force, le combat, la ferveur, la joie et l&rsquo;enthousiasme, mais \u00e9galement la chaleur, la croissance et l&rsquo;amour. Le traitement contre l&rsquo;infertilit\u00e9 demande toujours beaucoup de force et repr\u00e9sente un combat, de ce fait, un traitement efficace est une vraie source de joie, d&rsquo;enthousiasme et d&rsquo;amour.<\/p>\n<p>L&rsquo;\u00e9l\u00e9ment Eau est bien \u00e9videmment de couleur bleue, englobant les tons de bleu clair, de bleu turquoise jusqu&rsquo;au bleu marine et le bleu fonc\u00e9. Il repr\u00e9sente la continuit\u00e9, le d\u00e9but, la voie, les \u00e9motions et la sagesse. L&rsquo;\u00e9l\u00e9ment eau est une oasis de calme, de d\u00e9tente et de douceur et de gentillesse, il apporte la contemplation, le calme, la m\u00e9ditation il nous aide \u00e9galement \u00e0 ralentir le rythme fr\u00e9n\u00e9tique de la vie.<\/p>\n<h3>Une salle d&rsquo;attente au calme pour votre d\u00e9tente<\/h3>\n<p>Nous voudrions vous laisser la possibilit\u00e9 de vous retrouver, calmer et m\u00e9diter, pour cela, nous vous mettons \u00e0 disposition une Salle d&rsquo;attente au calme avec son mur v\u00e9g\u00e9tal et fleuri. Gr\u00e2ce \u00e0 la lumi\u00e8re tamis\u00e9e et nos fauteuils confortables, vous allez vous sentir \u00e0 l&rsquo;aise. Le personnel d&rsquo;accueil vous offrira une tasse de th\u00e9 ou caf\u00e9, ou m\u00eame de quoi lire, tout pour que vous puissiez vous sentir comme chez vous. Toutefois, si vous pr\u00e9f\u00e9rez continuer dans votre travail, vous aurez \u00e0 disposition un petit bureau avec un tiroir et bien \u00e9videmment une connexion au r\u00e9seau Wi-Fi.<\/p>\n<h3>Espace enfants<\/h3>\n<p>Si vous venez avec vos enfants, vous pouvez profiter de la salle d&rsquo;attente d\u00e9di\u00e9e aux familles proposant un espace pour les enfants.<\/p>\n<h3>Acc\u00e8s adapt\u00e9 aux personnes en situation de handicap<\/h3>\n<p>Les espaces de REPROMEDA Biology Park sont tout \u00e0 fait adapt\u00e9s aux personnes en situation de handicap. Depuis le parking, un ascenseur vous transportera directement \u00e0 la clinique.<\/p>\n","protected":false},"excerpt":{"rendered":"<p>D\u00e9roulement des consultations G\u00e9n\u00e9ralement, la dur\u00e9e des consultations est d&rsquo;environ 45 minutes. Les consultations <a class=\"link\" href=\"https:\/\/www.repromeda.fr\/?page_id=472\">Lire la&nbsp;suite<\/a><\/p>\n","protected":false},"author":2,"featured_media":0,"parent":384,"menu_order":0,"comment_status":"closed","ping_status":"closed","template":"templates\/services.php","meta":{"_acf_changed":false,"footnotes":""},"acf":[],"yoast_head":"<!-- This site is optimized with the Yoast SEO plugin v22.2 - https:\/\/yoast.com\/wordpress\/plugins\/seo\/ -->\n<title>Premi\u00e8re consultation et conseils sp\u00e9cialis\u00e9s - Repromeda<\/title>\n<meta name=\"robots\" content=\"index, follow, max-snippet:-1, max-image-preview:large, max-video-preview:-1\" \/>\n<link rel=\"canonical\" href=\"https:\/\/www.repromeda.fr\/?page_id=472\" \/>\n<meta property=\"og:locale\" content=\"fr_FR\" \/>\n<meta property=\"og:type\" content=\"article\" \/>\n<meta property=\"og:title\" content=\"Premi\u00e8re consultation et conseils sp\u00e9cialis\u00e9s - Repromeda\" \/>\n<meta property=\"og:description\" content=\"D\u00e9roulement des consultations G\u00e9n\u00e9ralement, la dur\u00e9e des consultations est d&rsquo;environ 45 minutes. Les consultations Lire la&nbsp;suite\" \/>\n<meta property=\"og:url\" content=\"https:\/\/www.repromeda.fr\/?page_id=472\" \/>\n<meta property=\"og:site_name\" content=\"Repromeda\" \/>\n<meta property=\"article:modified_time\" content=\"2017-01-18T16:12:18+00:00\" \/>\n<meta property=\"og:image\" content=\"https:\/\/www.repromeda.fr\/wp-content\/uploads\/repromeda-social.png\" \/>\n\t<meta property=\"og:image:width\" content=\"1200\" \/>\n\t<meta property=\"og:image:height\" content=\"630\" \/>\n\t<meta property=\"og:image:type\" content=\"image\/png\" \/>\n<meta name=\"twitter:card\" content=\"summary_large_image\" \/>\n<meta name=\"twitter:label1\" content=\"Dur\u00e9e de lecture estim\u00e9e\" \/>\n\t<meta name=\"twitter:data1\" content=\"4 minutes\" \/>\n<script type=\"application\/ld+json\" class=\"yoast-schema-graph\">{\"@context\":\"https:\/\/schema.org\",\"@graph\":[{\"@type\":\"WebPage\",\"@id\":\"https:\/\/www.repromeda.fr\/?page_id=472\",\"url\":\"https:\/\/www.repromeda.fr\/?page_id=472\",\"name\":\"Premi\u00e8re consultation et conseils sp\u00e9cialis\u00e9s - Repromeda\",\"isPartOf\":{\"@id\":\"https:\/\/www.repromeda.fr\/#website\"},\"datePublished\":\"2016-09-27T13:38:52+00:00\",\"dateModified\":\"2017-01-18T16:12:18+00:00\",\"breadcrumb\":{\"@id\":\"https:\/\/www.repromeda.fr\/?page_id=472#breadcrumb\"},\"inLanguage\":\"fr-FR\",\"potentialAction\":[{\"@type\":\"ReadAction\",\"target\":[\"https:\/\/www.repromeda.fr\/?page_id=472\"]}]},{\"@type\":\"BreadcrumbList\",\"@id\":\"https:\/\/www.repromeda.fr\/?page_id=472#breadcrumb\",\"itemListElement\":[{\"@type\":\"ListItem\",\"position\":1,\"name\":\"Repromeda\",\"item\":\"https:\/\/www.repromeda.fr\/\"},{\"@type\":\"ListItem\",\"position\":2,\"name\":\"Soins propos\u00e9s\",\"item\":\"https:\/\/www.repromeda.fr\/?page_id=92\"},{\"@type\":\"ListItem\",\"position\":3,\"name\":\"Traitement contre l&rsquo;infertilit\u00e9\",\"item\":\"https:\/\/www.repromeda.fr\/?page_id=382\"},{\"@type\":\"ListItem\",\"position\":4,\"name\":\"FIV\u00a0: F\u00c9CONDATION IN VITRO\",\"item\":\"https:\/\/www.repromeda.fr\/?page_id=384\"},{\"@type\":\"ListItem\",\"position\":5,\"name\":\"Premi\u00e8re consultation et conseils sp\u00e9cialis\u00e9s\"}]},{\"@type\":\"WebSite\",\"@id\":\"https:\/\/www.repromeda.fr\/#website\",\"url\":\"https:\/\/www.repromeda.fr\/\",\"name\":\"Repromeda\",\"description\":\"Reproduk\u010dn\u00ed klinika\",\"potentialAction\":[{\"@type\":\"SearchAction\",\"target\":{\"@type\":\"EntryPoint\",\"urlTemplate\":\"https:\/\/www.repromeda.fr\/?s={search_term_string}\"},\"query-input\":\"required name=search_term_string\"}],\"inLanguage\":\"fr-FR\"}]}<\/script>\n<!-- \/ Yoast SEO plugin. -->","yoast_head_json":{"title":"Premi\u00e8re consultation et conseils sp\u00e9cialis\u00e9s - Repromeda","robots":{"index":"index","follow":"follow","max-snippet":"max-snippet:-1","max-image-preview":"max-image-preview:large","max-video-preview":"max-video-preview:-1"},"canonical":"https:\/\/www.repromeda.fr\/?page_id=472","og_locale":"fr_FR","og_type":"article","og_title":"Premi\u00e8re consultation et conseils sp\u00e9cialis\u00e9s - Repromeda","og_description":"D\u00e9roulement des consultations G\u00e9n\u00e9ralement, la dur\u00e9e des consultations est d&rsquo;environ 45 minutes. Les consultations Lire la&nbsp;suite","og_url":"https:\/\/www.repromeda.fr\/?page_id=472","og_site_name":"Repromeda","article_modified_time":"2017-01-18T16:12:18+00:00","og_image":[{"width":1200,"height":630,"url":"https:\/\/www.repromeda.fr\/wp-content\/uploads\/repromeda-social.png","type":"image\/png"}],"twitter_card":"summary_large_image","twitter_misc":{"Dur\u00e9e de lecture estim\u00e9e":"4 minutes"},"schema":{"@context":"https:\/\/schema.org","@graph":[{"@type":"WebPage","@id":"https:\/\/www.repromeda.fr\/?page_id=472","url":"https:\/\/www.repromeda.fr\/?page_id=472","name":"Premi\u00e8re consultation et conseils sp\u00e9cialis\u00e9s - Repromeda","isPartOf":{"@id":"https:\/\/www.repromeda.fr\/#website"},"datePublished":"2016-09-27T13:38:52+00:00","dateModified":"2017-01-18T16:12:18+00:00","breadcrumb":{"@id":"https:\/\/www.repromeda.fr\/?page_id=472#breadcrumb"},"inLanguage":"fr-FR","potentialAction":[{"@type":"ReadAction","target":["https:\/\/www.repromeda.fr\/?page_id=472"]}]},{"@type":"BreadcrumbList","@id":"https:\/\/www.repromeda.fr\/?page_id=472#breadcrumb","itemListElement":[{"@type":"ListItem","position":1,"name":"Repromeda","item":"https:\/\/www.repromeda.fr\/"},{"@type":"ListItem","position":2,"name":"Soins propos\u00e9s","item":"https:\/\/www.repromeda.fr\/?page_id=92"},{"@type":"ListItem","position":3,"name":"Traitement contre l&rsquo;infertilit\u00e9","item":"https:\/\/www.repromeda.fr\/?page_id=382"},{"@type":"ListItem","position":4,"name":"FIV\u00a0: F\u00c9CONDATION IN VITRO","item":"https:\/\/www.repromeda.fr\/?page_id=384"},{"@type":"ListItem","position":5,"name":"Premi\u00e8re consultation et conseils sp\u00e9cialis\u00e9s"}]},{"@type":"WebSite","@id":"https:\/\/www.repromeda.fr\/#website","url":"https:\/\/www.repromeda.fr\/","name":"Repromeda","description":"Reproduk\u010dn\u00ed klinika","potentialAction":[{"@type":"SearchAction","target":{"@type":"EntryPoint","urlTemplate":"https:\/\/www.repromeda.fr\/?s={search_term_string}"},"query-input":"required name=search_term_string"}],"inLanguage":"fr-FR"}]}},"_links":{"self":[{"href":"https:\/\/www.repromeda.fr\/index.php?rest_route=\/wp\/v2\/pages\/472"}],"collection":[{"href":"https:\/\/www.repromeda.fr\/index.php?rest_route=\/wp\/v2\/pages"}],"about":[{"href":"https:\/\/www.repromeda.fr\/index.php?rest_route=\/wp\/v2\/types\/page"}],"author":[{"embeddable":true,"href":"https:\/\/www.repromeda.fr\/index.php?rest_route=\/wp\/v2\/users\/2"}],"replies":[{"embeddable":true,"href":"https:\/\/www.repromeda.fr\/index.php?rest_route=%2Fwp%2Fv2%2Fcomments&post=472"}],"version-history":[{"count":9,"href":"https:\/\/www.repromeda.fr\/index.php?rest_route=\/wp\/v2\/pages\/472\/revisions"}],"predecessor-version":[{"id":3137,"href":"https:\/\/www.repromeda.fr\/index.php?rest_route=\/wp\/v2\/pages\/472\/revisions\/3137"}],"up":[{"embeddable":true,"href":"https:\/\/www.repromeda.fr\/index.php?rest_route=\/wp\/v2\/pages\/384"}],"wp:attachment":[{"href":"https:\/\/www.repromeda.fr\/index.php?rest_route=%2Fwp%2Fv2%2Fmedia&parent=472"}],"curies":[{"name":"wp","href":"https:\/\/api.w.org\/{rel}","templated":true}]}}