{"id":471,"date":"2016-09-27T14:51:47","date_gmt":"2016-09-27T13:51:47","guid":{"rendered":"https:\/\/www.repromeda.fr\/?page_id=471"},"modified":"2017-01-18T17:02:31","modified_gmt":"2017-01-18T16:02:31","slug":"transfert-embryonnaire","status":"publish","type":"page","link":"https:\/\/www.repromeda.fr\/?page_id=471","title":{"rendered":"Transfert embryonnaire"},"content":{"rendered":"<h2>D\u00e9roulement du transfert embryonnaire<\/h2>\n<p>Le transfert des embryons est effectu\u00e9 \u00e0 l&rsquo;aide d&rsquo;une fine canule \u00e0 travers le col de l&rsquo;ut\u00e9rus jusqu&rsquo;\u00e0 l\u2019ut\u00e9rus. Le transfert est r\u00e9alis\u00e9 dans une chambre d\u00e9di\u00e9e \u00e0 cet effet sous les tons d&rsquo;une musique de relaxation. Lors du transfert, vous allez pouvoir suivre un enregistrement vid\u00e9o de votre embryon et de son transfert. Apr\u00e8s l\u2019intervention, vous pouvez partir imm\u00e9diatement<\/p>\n<h2>Nombre d\u2019embryons \u00e0 transf\u00e9rer<\/h2>\n<p>Le nombre d&#8217;embryons \u00e0 transf\u00e9rer est toujours d\u00e9fini par le couple, apr\u00e8s une consultation avec leur m\u00e9decin. Conform\u00e9ment \u00e0 la recommandation des soci\u00e9t\u00e9s professionnelles internationales, nous proc\u00e9dons dans la majorit\u00e9 des cas au transfert d&rsquo;un seul embryon.<\/p>\n<p>Le transfert de deux ou plusieurs embryons n&rsquo;augmente pas significativement la probabilit\u00e9 de d\u00e9but d&rsquo;une grossesse, au contraire, il augmente la proportion de grossesses multiples et le risque de complications.<\/p>\n","protected":false},"excerpt":{"rendered":"<p>D\u00e9roulement du transfert embryonnaire Le transfert des embryons est effectu\u00e9 \u00e0 l&rsquo;aide d&rsquo;une fine <a class=\"link\" href=\"https:\/\/www.repromeda.fr\/?page_id=471\">Lire la&nbsp;suite<\/a><\/p>\n","protected":false},"author":2,"featured_media":0,"parent":384,"menu_order":0,"comment_status":"closed","ping_status":"closed","template":"templates\/services.php","meta":{"_acf_changed":false,"footnotes":""},"acf":[],"yoast_head":"<!-- This site is optimized with the Yoast SEO plugin v22.2 - https:\/\/yoast.com\/wordpress\/plugins\/seo\/ -->\n<title>Transfert embryonnaire<\/title>\n<meta name=\"robots\" content=\"index, follow, max-snippet:-1, max-image-preview:large, max-video-preview:-1\" \/>\n<link rel=\"canonical\" href=\"https:\/\/www.repromeda.fr\/?page_id=471\" \/>\n<meta property=\"og:locale\" content=\"fr_FR\" \/>\n<meta property=\"og:type\" content=\"article\" \/>\n<meta property=\"og:title\" content=\"Transfert embryonnaire\" \/>\n<meta property=\"og:description\" content=\"D\u00e9roulement du transfert embryonnaire Le transfert des embryons est effectu\u00e9 \u00e0 l&rsquo;aide d&rsquo;une fine Lire la&nbsp;suite\" \/>\n<meta property=\"og:url\" content=\"https:\/\/www.repromeda.fr\/?page_id=471\" \/>\n<meta property=\"og:site_name\" content=\"Repromeda\" \/>\n<meta property=\"article:modified_time\" content=\"2017-01-18T16:02:31+00:00\" \/>\n<meta property=\"og:image\" content=\"https:\/\/www.repromeda.fr\/wp-content\/uploads\/repromeda-social.png\" \/>\n\t<meta property=\"og:image:width\" content=\"1200\" \/>\n\t<meta property=\"og:image:height\" content=\"630\" \/>\n\t<meta property=\"og:image:type\" content=\"image\/png\" \/>\n<meta name=\"twitter:card\" content=\"summary_large_image\" \/>\n<meta name=\"twitter:label1\" content=\"Dur\u00e9e de lecture estim\u00e9e\" \/>\n\t<meta name=\"twitter:data1\" content=\"1 minute\" \/>\n<script type=\"application\/ld+json\" class=\"yoast-schema-graph\">{\"@context\":\"https:\/\/schema.org\",\"@graph\":[{\"@type\":\"WebPage\",\"@id\":\"https:\/\/www.repromeda.fr\/?page_id=471\",\"url\":\"https:\/\/www.repromeda.fr\/?page_id=471\",\"name\":\"Transfert embryonnaire\",\"isPartOf\":{\"@id\":\"https:\/\/www.repromeda.fr\/#website\"},\"datePublished\":\"2016-09-27T13:51:47+00:00\",\"dateModified\":\"2017-01-18T16:02:31+00:00\",\"breadcrumb\":{\"@id\":\"https:\/\/www.repromeda.fr\/?page_id=471#breadcrumb\"},\"inLanguage\":\"fr-FR\",\"potentialAction\":[{\"@type\":\"ReadAction\",\"target\":[\"https:\/\/www.repromeda.fr\/?page_id=471\"]}]},{\"@type\":\"BreadcrumbList\",\"@id\":\"https:\/\/www.repromeda.fr\/?page_id=471#breadcrumb\",\"itemListElement\":[{\"@type\":\"ListItem\",\"position\":1,\"name\":\"Repromeda\",\"item\":\"https:\/\/www.repromeda.fr\/\"},{\"@type\":\"ListItem\",\"position\":2,\"name\":\"Soins propos\u00e9s\",\"item\":\"https:\/\/www.repromeda.fr\/?page_id=92\"},{\"@type\":\"ListItem\",\"position\":3,\"name\":\"Traitement contre l&rsquo;infertilit\u00e9\",\"item\":\"https:\/\/www.repromeda.fr\/?page_id=382\"},{\"@type\":\"ListItem\",\"position\":4,\"name\":\"FIV\u00a0: F\u00c9CONDATION IN VITRO\",\"item\":\"https:\/\/www.repromeda.fr\/?page_id=384\"},{\"@type\":\"ListItem\",\"position\":5,\"name\":\"Transfert embryonnaire\"}]},{\"@type\":\"WebSite\",\"@id\":\"https:\/\/www.repromeda.fr\/#website\",\"url\":\"https:\/\/www.repromeda.fr\/\",\"name\":\"Repromeda\",\"description\":\"Reproduk\u010dn\u00ed klinika\",\"potentialAction\":[{\"@type\":\"SearchAction\",\"target\":{\"@type\":\"EntryPoint\",\"urlTemplate\":\"https:\/\/www.repromeda.fr\/?s={search_term_string}\"},\"query-input\":\"required name=search_term_string\"}],\"inLanguage\":\"fr-FR\"}]}<\/script>\n<!-- \/ Yoast SEO plugin. -->","yoast_head_json":{"title":"Transfert embryonnaire","robots":{"index":"index","follow":"follow","max-snippet":"max-snippet:-1","max-image-preview":"max-image-preview:large","max-video-preview":"max-video-preview:-1"},"canonical":"https:\/\/www.repromeda.fr\/?page_id=471","og_locale":"fr_FR","og_type":"article","og_title":"Transfert embryonnaire","og_description":"D\u00e9roulement du transfert embryonnaire Le transfert des embryons est effectu\u00e9 \u00e0 l&rsquo;aide d&rsquo;une fine Lire la&nbsp;suite","og_url":"https:\/\/www.repromeda.fr\/?page_id=471","og_site_name":"Repromeda","article_modified_time":"2017-01-18T16:02:31+00:00","og_image":[{"width":1200,"height":630,"url":"https:\/\/www.repromeda.fr\/wp-content\/uploads\/repromeda-social.png","type":"image\/png"}],"twitter_card":"summary_large_image","twitter_misc":{"Dur\u00e9e de lecture estim\u00e9e":"1 minute"},"schema":{"@context":"https:\/\/schema.org","@graph":[{"@type":"WebPage","@id":"https:\/\/www.repromeda.fr\/?page_id=471","url":"https:\/\/www.repromeda.fr\/?page_id=471","name":"Transfert embryonnaire","isPartOf":{"@id":"https:\/\/www.repromeda.fr\/#website"},"datePublished":"2016-09-27T13:51:47+00:00","dateModified":"2017-01-18T16:02:31+00:00","breadcrumb":{"@id":"https:\/\/www.repromeda.fr\/?page_id=471#breadcrumb"},"inLanguage":"fr-FR","potentialAction":[{"@type":"ReadAction","target":["https:\/\/www.repromeda.fr\/?page_id=471"]}]},{"@type":"BreadcrumbList","@id":"https:\/\/www.repromeda.fr\/?page_id=471#breadcrumb","itemListElement":[{"@type":"ListItem","position":1,"name":"Repromeda","item":"https:\/\/www.repromeda.fr\/"},{"@type":"ListItem","position":2,"name":"Soins propos\u00e9s","item":"https:\/\/www.repromeda.fr\/?page_id=92"},{"@type":"ListItem","position":3,"name":"Traitement contre l&rsquo;infertilit\u00e9","item":"https:\/\/www.repromeda.fr\/?page_id=382"},{"@type":"ListItem","position":4,"name":"FIV\u00a0: F\u00c9CONDATION IN VITRO","item":"https:\/\/www.repromeda.fr\/?page_id=384"},{"@type":"ListItem","position":5,"name":"Transfert embryonnaire"}]},{"@type":"WebSite","@id":"https:\/\/www.repromeda.fr\/#website","url":"https:\/\/www.repromeda.fr\/","name":"Repromeda","description":"Reproduk\u010dn\u00ed klinika","potentialAction":[{"@type":"SearchAction","target":{"@type":"EntryPoint","urlTemplate":"https:\/\/www.repromeda.fr\/?s={search_term_string}"},"query-input":"required name=search_term_string"}],"inLanguage":"fr-FR"}]}},"_links":{"self":[{"href":"https:\/\/www.repromeda.fr\/index.php?rest_route=\/wp\/v2\/pages\/471"}],"collection":[{"href":"https:\/\/www.repromeda.fr\/index.php?rest_route=\/wp\/v2\/pages"}],"about":[{"href":"https:\/\/www.repromeda.fr\/index.php?rest_route=\/wp\/v2\/types\/page"}],"author":[{"embeddable":true,"href":"https:\/\/www.repromeda.fr\/index.php?rest_route=\/wp\/v2\/users\/2"}],"replies":[{"embeddable":true,"href":"https:\/\/www.repromeda.fr\/index.php?rest_route=%2Fwp%2Fv2%2Fcomments&post=471"}],"version-history":[{"count":11,"href":"https:\/\/www.repromeda.fr\/index.php?rest_route=\/wp\/v2\/pages\/471\/revisions"}],"predecessor-version":[{"id":3133,"href":"https:\/\/www.repromeda.fr\/index.php?rest_route=\/wp\/v2\/pages\/471\/revisions\/3133"}],"up":[{"embeddable":true,"href":"https:\/\/www.repromeda.fr\/index.php?rest_route=\/wp\/v2\/pages\/384"}],"wp:attachment":[{"href":"https:\/\/www.repromeda.fr\/index.php?rest_route=%2Fwp%2Fv2%2Fmedia&parent=471"}],"curies":[{"name":"wp","href":"https:\/\/api.w.org\/{rel}","templated":true}]}}