{"id":460,"date":"2016-09-27T14:28:33","date_gmt":"2016-09-27T13:28:33","guid":{"rendered":"https:\/\/www.repromeda.fr\/?page_id=460"},"modified":"2017-01-18T17:08:00","modified_gmt":"2017-01-18T16:08:00","slug":"stimulation-hormonale","status":"publish","type":"page","link":"https:\/\/www.repromeda.fr\/?page_id=460","title":{"rendered":"Stimulation hormonale et pr\u00e9l\u00e8vement des ovocytes"},"content":{"rendered":"<h2>Stimulation hormonale<\/h2>\n<p>La stimulation hormonale chez la femme fait partie de chaque cycle de la FIV. Son r\u00f4le est de provoquer la maturation de plus grand nombre d&rsquo;ovocytes par rapport \u00e0 un cycle naturel.<\/p>\n<p>La stimulation est effectu\u00e9e par l&rsquo;interm\u00e9diaire des gonadotrophines (FSH, LH), fabriqu\u00e9es dans un laboratoire. Elles sont \u00e9galement appel\u00e9es hormones recombinantes. Il s&rsquo;agit des produits plus r\u00e9cents de haute qualit\u00e9 qui se pr\u00e9sentent sous la forme d&rsquo;un stylo. Les clientes appr\u00e9cient ce type de produit, car il est facile \u00e0 administrer et efficace en tant que m\u00e9dicament.<\/p>\n<p>Lors de la consultation, votre m\u00e9decin vous prescrira toujours le type de produit stimulant le plus adapt\u00e9 \u00e0 votre cas.<\/p>\n<h3>D\u00e9roulement de la stimulation hormonale<\/h3>\n<p>Le d\u00e9but de la stimulation se fait toujours le 2\u00e8me ou le 3\u00e8me jour du cycle menstruel. Votre infirmi\u00e8re vous montrera comment correctement administrer les m\u00e9dicaments et la premi\u00e8re administration se d\u00e9roulera sous sa surveillance.<\/p>\n<p>L&rsquo;administration des m\u00e9dicaments a lieu pendant environ 10 \u00e0 12 jours et g\u00e9n\u00e9ralement, les patientes la tol\u00e8rent bien. Tout le d\u00e9roulement de la stimulation est surveill\u00e9 par votre m\u00e9decin par l&rsquo;interm\u00e9diaire d&rsquo;une \u00e9chographie, et cela \u00e0 l&rsquo;intervalle de plusieurs jours.<\/p>\n<h2>Pr\u00e9l\u00e8vement de ovocytes<\/h2>\n<p>La date exacte du pr\u00e9l\u00e8vement est d\u00e9termin\u00e9e par votre m\u00e9decin \u00e0 l&rsquo;aide des \u00e9chographies ou des analyses hormonales. Le jour avant le pr\u00e9l\u00e8vement, \u00e0 partir de minuit, vous ne devez plus rien manger ni boire ou fumer. Le jour du pr\u00e9l\u00e8vement, vous allez vous pr\u00e9senter \u00e0 la clinique d\u00e8s le matin. Il vous sera pr\u00e9lev\u00e9 votre liquide folliculaire par l&rsquo;interm\u00e9diaire d&rsquo;une fine aiguille par voie vaginale, sous la supervision de l&rsquo;anesth\u00e9siste. La technique est r\u00e9alis\u00e9e sous le contr\u00f4le par \u00e9chographie. L&rsquo;anesth\u00e9sie ne dure qu&rsquo;un court moment, de 10 \u00e0 15 minutes environ. L&#8217;embryologiste ensuite s\u00e9lectionne les ovocytes depuis le liquide folliculaire recueilli. Cette op\u00e9ration s&rsquo;effectue dans un laboratoire. Le m\u00eame jour, nous allons proc\u00e9der \u00e0 la f\u00e9condation r\u00e9sultant en formation des embryons.<\/p>\n<p><img loading=\"lazy\" decoding=\"async\" class=\"wp-image-2802\" src=\"https:\/\/www.repromeda.fr\/\/wp-content\/uploads\/DSC_4914-300x200.jpg\" alt=\"dsc_4914\" width=\"600\" height=\"400\" srcset=\"https:\/\/www.repromeda.fr\/wp-content\/uploads\/DSC_4914-300x200.jpg 300w, https:\/\/www.repromeda.fr\/wp-content\/uploads\/DSC_4914-768x513.jpg 768w, https:\/\/www.repromeda.fr\/wp-content\/uploads\/DSC_4914-1024x684.jpg 1024w, https:\/\/www.repromeda.fr\/wp-content\/uploads\/DSC_4914.jpg 2048w\" sizes=\"(max-width: 600px) 100vw, 600px\" \/><\/p>\n","protected":false},"excerpt":{"rendered":"<p>Stimulation hormonale La stimulation hormonale chez la femme fait partie de chaque cycle de <a class=\"link\" href=\"https:\/\/www.repromeda.fr\/?page_id=460\">Lire la&nbsp;suite<\/a><\/p>\n","protected":false},"author":2,"featured_media":0,"parent":384,"menu_order":0,"comment_status":"closed","ping_status":"closed","template":"templates\/services.php","meta":{"_acf_changed":false,"footnotes":""},"acf":[],"yoast_head":"<!-- This site is optimized with the Yoast SEO plugin v22.2 - https:\/\/yoast.com\/wordpress\/plugins\/seo\/ -->\n<title>Stimulation hormonale et pr\u00e9l\u00e8vement des ovocytes - Repromeda<\/title>\n<meta name=\"robots\" content=\"index, follow, max-snippet:-1, max-image-preview:large, max-video-preview:-1\" \/>\n<link rel=\"canonical\" href=\"https:\/\/www.repromeda.fr\/?page_id=460\" \/>\n<meta property=\"og:locale\" content=\"fr_FR\" \/>\n<meta property=\"og:type\" content=\"article\" \/>\n<meta property=\"og:title\" content=\"Stimulation hormonale et pr\u00e9l\u00e8vement des ovocytes - Repromeda\" \/>\n<meta property=\"og:description\" content=\"Stimulation hormonale La stimulation hormonale chez la femme fait partie de chaque cycle de Lire la&nbsp;suite\" \/>\n<meta property=\"og:url\" content=\"https:\/\/www.repromeda.fr\/?page_id=460\" \/>\n<meta property=\"og:site_name\" content=\"Repromeda\" \/>\n<meta property=\"article:modified_time\" content=\"2017-01-18T16:08:00+00:00\" \/>\n<meta property=\"og:image\" content=\"https:\/\/www.repromeda.fr\/\/wp-content\/uploads\/DSC_4914-300x200.jpg\" \/>\n<meta name=\"twitter:card\" content=\"summary_large_image\" \/>\n<meta name=\"twitter:label1\" content=\"Dur\u00e9e de lecture estim\u00e9e\" \/>\n\t<meta name=\"twitter:data1\" content=\"2 minutes\" \/>\n<script type=\"application\/ld+json\" class=\"yoast-schema-graph\">{\"@context\":\"https:\/\/schema.org\",\"@graph\":[{\"@type\":\"WebPage\",\"@id\":\"https:\/\/www.repromeda.fr\/?page_id=460\",\"url\":\"https:\/\/www.repromeda.fr\/?page_id=460\",\"name\":\"Stimulation hormonale et pr\u00e9l\u00e8vement des ovocytes - Repromeda\",\"isPartOf\":{\"@id\":\"https:\/\/www.repromeda.fr\/#website\"},\"primaryImageOfPage\":{\"@id\":\"https:\/\/www.repromeda.fr\/?page_id=460#primaryimage\"},\"image\":{\"@id\":\"https:\/\/www.repromeda.fr\/?page_id=460#primaryimage\"},\"thumbnailUrl\":\"https:\/\/www.repromeda.fr\/\/wp-content\/uploads\/DSC_4914-300x200.jpg\",\"datePublished\":\"2016-09-27T13:28:33+00:00\",\"dateModified\":\"2017-01-18T16:08:00+00:00\",\"breadcrumb\":{\"@id\":\"https:\/\/www.repromeda.fr\/?page_id=460#breadcrumb\"},\"inLanguage\":\"fr-FR\",\"potentialAction\":[{\"@type\":\"ReadAction\",\"target\":[\"https:\/\/www.repromeda.fr\/?page_id=460\"]}]},{\"@type\":\"ImageObject\",\"inLanguage\":\"fr-FR\",\"@id\":\"https:\/\/www.repromeda.fr\/?page_id=460#primaryimage\",\"url\":\"https:\/\/www.repromeda.fr\/\/wp-content\/uploads\/DSC_4914-300x200.jpg\",\"contentUrl\":\"https:\/\/www.repromeda.fr\/\/wp-content\/uploads\/DSC_4914-300x200.jpg\"},{\"@type\":\"BreadcrumbList\",\"@id\":\"https:\/\/www.repromeda.fr\/?page_id=460#breadcrumb\",\"itemListElement\":[{\"@type\":\"ListItem\",\"position\":1,\"name\":\"Repromeda\",\"item\":\"https:\/\/www.repromeda.fr\/\"},{\"@type\":\"ListItem\",\"position\":2,\"name\":\"Soins propos\u00e9s\",\"item\":\"https:\/\/www.repromeda.fr\/?page_id=92\"},{\"@type\":\"ListItem\",\"position\":3,\"name\":\"Traitement contre l&rsquo;infertilit\u00e9\",\"item\":\"https:\/\/www.repromeda.fr\/?page_id=382\"},{\"@type\":\"ListItem\",\"position\":4,\"name\":\"FIV\u00a0: F\u00c9CONDATION IN VITRO\",\"item\":\"https:\/\/www.repromeda.fr\/?page_id=384\"},{\"@type\":\"ListItem\",\"position\":5,\"name\":\"Stimulation hormonale et pr\u00e9l\u00e8vement des ovocytes\"}]},{\"@type\":\"WebSite\",\"@id\":\"https:\/\/www.repromeda.fr\/#website\",\"url\":\"https:\/\/www.repromeda.fr\/\",\"name\":\"Repromeda\",\"description\":\"Reproduk\u010dn\u00ed klinika\",\"potentialAction\":[{\"@type\":\"SearchAction\",\"target\":{\"@type\":\"EntryPoint\",\"urlTemplate\":\"https:\/\/www.repromeda.fr\/?s={search_term_string}\"},\"query-input\":\"required name=search_term_string\"}],\"inLanguage\":\"fr-FR\"}]}<\/script>\n<!-- \/ Yoast SEO plugin. -->","yoast_head_json":{"title":"Stimulation hormonale et pr\u00e9l\u00e8vement des ovocytes - Repromeda","robots":{"index":"index","follow":"follow","max-snippet":"max-snippet:-1","max-image-preview":"max-image-preview:large","max-video-preview":"max-video-preview:-1"},"canonical":"https:\/\/www.repromeda.fr\/?page_id=460","og_locale":"fr_FR","og_type":"article","og_title":"Stimulation hormonale et pr\u00e9l\u00e8vement des ovocytes - Repromeda","og_description":"Stimulation hormonale La stimulation hormonale chez la femme fait partie de chaque cycle de Lire la&nbsp;suite","og_url":"https:\/\/www.repromeda.fr\/?page_id=460","og_site_name":"Repromeda","article_modified_time":"2017-01-18T16:08:00+00:00","og_image":[{"url":"https:\/\/www.repromeda.fr\/\/wp-content\/uploads\/DSC_4914-300x200.jpg"}],"twitter_card":"summary_large_image","twitter_misc":{"Dur\u00e9e de lecture estim\u00e9e":"2 minutes"},"schema":{"@context":"https:\/\/schema.org","@graph":[{"@type":"WebPage","@id":"https:\/\/www.repromeda.fr\/?page_id=460","url":"https:\/\/www.repromeda.fr\/?page_id=460","name":"Stimulation hormonale et pr\u00e9l\u00e8vement des ovocytes - Repromeda","isPartOf":{"@id":"https:\/\/www.repromeda.fr\/#website"},"primaryImageOfPage":{"@id":"https:\/\/www.repromeda.fr\/?page_id=460#primaryimage"},"image":{"@id":"https:\/\/www.repromeda.fr\/?page_id=460#primaryimage"},"thumbnailUrl":"https:\/\/www.repromeda.fr\/\/wp-content\/uploads\/DSC_4914-300x200.jpg","datePublished":"2016-09-27T13:28:33+00:00","dateModified":"2017-01-18T16:08:00+00:00","breadcrumb":{"@id":"https:\/\/www.repromeda.fr\/?page_id=460#breadcrumb"},"inLanguage":"fr-FR","potentialAction":[{"@type":"ReadAction","target":["https:\/\/www.repromeda.fr\/?page_id=460"]}]},{"@type":"ImageObject","inLanguage":"fr-FR","@id":"https:\/\/www.repromeda.fr\/?page_id=460#primaryimage","url":"https:\/\/www.repromeda.fr\/\/wp-content\/uploads\/DSC_4914-300x200.jpg","contentUrl":"https:\/\/www.repromeda.fr\/\/wp-content\/uploads\/DSC_4914-300x200.jpg"},{"@type":"BreadcrumbList","@id":"https:\/\/www.repromeda.fr\/?page_id=460#breadcrumb","itemListElement":[{"@type":"ListItem","position":1,"name":"Repromeda","item":"https:\/\/www.repromeda.fr\/"},{"@type":"ListItem","position":2,"name":"Soins propos\u00e9s","item":"https:\/\/www.repromeda.fr\/?page_id=92"},{"@type":"ListItem","position":3,"name":"Traitement contre l&rsquo;infertilit\u00e9","item":"https:\/\/www.repromeda.fr\/?page_id=382"},{"@type":"ListItem","position":4,"name":"FIV\u00a0: F\u00c9CONDATION IN VITRO","item":"https:\/\/www.repromeda.fr\/?page_id=384"},{"@type":"ListItem","position":5,"name":"Stimulation hormonale et pr\u00e9l\u00e8vement des ovocytes"}]},{"@type":"WebSite","@id":"https:\/\/www.repromeda.fr\/#website","url":"https:\/\/www.repromeda.fr\/","name":"Repromeda","description":"Reproduk\u010dn\u00ed klinika","potentialAction":[{"@type":"SearchAction","target":{"@type":"EntryPoint","urlTemplate":"https:\/\/www.repromeda.fr\/?s={search_term_string}"},"query-input":"required name=search_term_string"}],"inLanguage":"fr-FR"}]}},"_links":{"self":[{"href":"https:\/\/www.repromeda.fr\/index.php?rest_route=\/wp\/v2\/pages\/460"}],"collection":[{"href":"https:\/\/www.repromeda.fr\/index.php?rest_route=\/wp\/v2\/pages"}],"about":[{"href":"https:\/\/www.repromeda.fr\/index.php?rest_route=\/wp\/v2\/types\/page"}],"author":[{"embeddable":true,"href":"https:\/\/www.repromeda.fr\/index.php?rest_route=\/wp\/v2\/users\/2"}],"replies":[{"embeddable":true,"href":"https:\/\/www.repromeda.fr\/index.php?rest_route=%2Fwp%2Fv2%2Fcomments&post=460"}],"version-history":[{"count":9,"href":"https:\/\/www.repromeda.fr\/index.php?rest_route=\/wp\/v2\/pages\/460\/revisions"}],"predecessor-version":[{"id":3136,"href":"https:\/\/www.repromeda.fr\/index.php?rest_route=\/wp\/v2\/pages\/460\/revisions\/3136"}],"up":[{"embeddable":true,"href":"https:\/\/www.repromeda.fr\/index.php?rest_route=\/wp\/v2\/pages\/384"}],"wp:attachment":[{"href":"https:\/\/www.repromeda.fr\/index.php?rest_route=%2Fwp%2Fv2%2Fmedia&parent=460"}],"curies":[{"name":"wp","href":"https:\/\/api.w.org\/{rel}","templated":true}]}}