{"id":3253,"date":"2018-12-18T10:34:03","date_gmt":"2018-12-18T09:34:03","guid":{"rendered":"https:\/\/www.repromeda.fr\/?page_id=3253"},"modified":"2018-12-18T10:34:36","modified_gmt":"2018-12-18T09:34:36","slug":"je-voudrais-devenir-une-mere-de-substitution","status":"publish","type":"page","link":"https:\/\/www.repromeda.fr\/?page_id=3253","title":{"rendered":"Je voudrais devenir m\u00e8re de substitution"},"content":{"rendered":"<h2 class=\"p1\"><span class=\"s1\"><b>Quelles sont les conditions pour devenir une m\u00e8re de substitution\u2009?<\/b><\/span><\/h2>\n<p class=\"p1\"><span class=\"s1\"><b> Souhaitez-vous aider un membre de votre famille, un bon ami ou d\u2019autres couples qui, pour des raisons de sant\u00e9, ne peuvent pas avoir leur propre enfant et qui remplissent les conditions ci-dessous\u2009? Devenez une m\u00e8re de substitution.<\/b><\/span><\/p>\n<ul class=\"ul1\">\n<li class=\"li3\"><span class=\"s1\">\u00c2ge entre 18 et 49 ans.<\/span><\/li>\n<li class=\"li3\"><span class=\"s1\">Vous avez d\u00e9j\u00e0 votre propre enfant ou vos propres enfants que vous avez accouch\u00e9s sans complications majeures pour la sant\u00e9.<\/span><\/li>\n<li class=\"li3\"><span class=\"s1\">Vous avez une couverture sant\u00e9 compl\u00e8te en R\u00e9publique tch\u00e8que.<\/span><\/li>\n<li class=\"li3\"><span class=\"s1\">Vous \u00eates c\u00e9libataire ou divorc\u00e9e. Si vous \u00eates<\/span><span class=\"s2\">\u00a0<\/span><span class=\"s1\">mari\u00e9e, votre conjoint entre \u00e9galement dans le processus, ce qui repr\u00e9sente une complication.<\/span><\/li>\n<li class=\"li3\"><span class=\"s1\">Tr\u00e8s bon \u00e9tat de sant\u00e9.<\/span><\/li>\n<li class=\"li3\"><span class=\"s1\">Vous passez les examens prescrits<\/span><span class=\"s2\">\u00a0<\/span><span class=\"s1\">avec un r\u00e9sultat n\u00e9gatif.<\/span><\/li>\n<\/ul>\n<h2 class=\"p1\"><span class=\"s1\"><b>Avez-vous droit \u00e0 une r\u00e9compense financi\u00e8re\u2009? <\/b><\/span><\/h2>\n<p class=\"p1\"><span class=\"s1\">Vous n\u2019\u00eates pas pay\u00e9e pour aider un couple demandeur, mais vous avez droit \u00e0 une compensation financi\u00e8re pour perte de salaire et de b\u00e9n\u00e9fices, pour d\u00e9penses associ\u00e9es aux m\u00e9dicaments et aux examens n\u00e9cessaires, pour frais de transport et frais li\u00e9s aux exercices pour femmes enceintes et aux compl\u00e9ments alimentaires n\u00e9cessaires pendant la grossesse, etc. Cette compensation inclut \u00e9galement les frais associ\u00e9s au pr\u00e9l\u00e8vement de cellules sexuelles, \u00e0 votre stimulation hormonale, au transfert d\u2019embryons, etc. Tout est couvert par le couple demandeur.<\/span><\/p>\n<p class=\"p1\"><span class=\"s1\"><b>Comment se d\u00e9roule le processus\u2009?* C\u2019est le couple infertile lui-m\u00eame qui s\u2019adressera \u00e0 vous en tant que m\u00e8re de substitution (vous \u00eates un membre de famille, par l\u2019annonce). \u00c9ventuellement, vous pouvez laisser vos coordonn\u00e9es \u00e0 notre clinique en exprimant votre souhait de porter un enfant pour l\u2019un des couples et nous les transmettrons au couple demandeur.<\/b><\/span><\/p>\n<ul class=\"ul1\">\n<li class=\"li3\"><span class=\"s1\">Si les deux parties (les parents biologiques et la m\u00e8re de substitution) ont pris connaissance et comprennent toutes les<\/span><span class=\"s2\">\u00a0<\/span><span class=\"s1\">circonstances pertinentes, et s\u2019il existe une raison m\u00e9dicale<\/span><span class=\"s2\">\u00a0<\/span><span class=\"s1\">objective pour cette m\u00e9thode<\/span><span class=\"s2\">\u00a0<\/span><span class=\"s1\">de traitement, il est<\/span><span class=\"s2\">\u00a0<\/span><span class=\"s1\">possible de proc\u00e9der \u00e0 la maternit\u00e9 de substitution.<\/span><\/li>\n<li class=\"li3\"><span class=\"s1\">Vous devez ensuite passer un certain nombre d\u2019examens n\u00e9cessaires et si<\/span><span class=\"s2\">\u00a0<\/span><span class=\"s1\">tout va bien, le processus d\u2019ins\u00e9mination artificielle peut commencer.<\/span><\/li>\n<li class=\"li3\"><span class=\"s1\">Les spermatozo\u00efdes provenant de l\u2019homme du<\/span><span class=\"s2\">\u00a0<\/span><span class=\"s1\">couple infertile sont utilis\u00e9s pour f\u00e9conder l\u2019ovule de la femme du<\/span><span class=\"s2\">\u00a0<\/span><span class=\"s1\">dit couple. Si<\/span><span class=\"s2\">\u00a0<\/span><span class=\"s1\">les ovules de cette femme ne sont pas propices \u00e0 la<\/span><span class=\"s2\">\u00a0<\/span><span class=\"s1\">f\u00e9condation, il est possible d\u2019utiliser l\u2019ovule d\u2019une donneuse anonyme. Vous, en taque m\u00e8re de substitution, ne pouvez pas \u00eatre cette donneuse, car la loi stipule que ce don doit \u00eatre anonyme.<\/span><\/li>\n<li class=\"li3\"><span class=\"s1\">L\u2019embryon r\u00e9sultant vous est ensuite transf\u00e9r\u00e9.<\/span><\/li>\n<li class=\"li3\"><span class=\"s1\">D\u00e8s que votre grossesse est confirm\u00e9e, le p\u00e8re biologique de l\u2019enfant acceptera<\/span><span class=\"s2\">, <\/span><span class=\"s1\">avec votre accord sa paternit\u00e9 et devient ainsi le p\u00e8re l\u00e9gal tenu \u00e0 respecter tous les droits et devoirs.<\/span><\/li>\n<li class=\"li3\"><span class=\"s1\">Apr\u00e8s la naissance de l\u2019enfant, vous \u00eates tenue d\u2019abandonner les obligations parentales envers lui et vous autorisez les parents biologiques \u00e0 \u00ab\u00a0adopter\u00a0\u00bb (d\u2019obtenir la garde de mani\u00e8re irr\u00e9vocable) cet enfant. Si son p\u00e8re biologique est d\u00e9j\u00e0 pr\u00e9sent dans l\u2019acte de naissance, seule la m\u00e8re biologique adopte l\u2019enfant.<\/span><\/li>\n<\/ul>\n<p class=\"p4\"><span class=\"s1\"><i>Si vous souhaitez \u00e9galement aider les couples st\u00e9riles, contactez-nous via le formulaire de contact, par t\u00e9l\u00e9phone ou email<\/i><\/span><span class=\"s3\"><i>bkahwaji@repromeda.cz<\/i><\/span><span class=\"s1\"><i>.<\/i><\/span><\/p>\n","protected":false},"excerpt":{"rendered":"<p>Quelles sont les conditions pour devenir une m\u00e8re de substitution\u2009? Souhaitez-vous aider un membre <a class=\"link\" href=\"https:\/\/www.repromeda.fr\/?page_id=3253\">Lire la&nbsp;suite<\/a><\/p>\n","protected":false},"author":2,"featured_media":0,"parent":3251,"menu_order":0,"comment_status":"closed","ping_status":"closed","template":"templates\/services.php","meta":{"_acf_changed":false,"footnotes":""},"acf":[],"yoast_head":"<!-- This site is optimized with the Yoast SEO plugin v22.2 - https:\/\/yoast.com\/wordpress\/plugins\/seo\/ -->\n<title>Je voudrais devenir m\u00e8re de substitution - Repromeda<\/title>\n<meta name=\"robots\" content=\"index, follow, max-snippet:-1, max-image-preview:large, max-video-preview:-1\" \/>\n<link rel=\"canonical\" href=\"https:\/\/www.repromeda.fr\/?page_id=3253\" \/>\n<meta property=\"og:locale\" content=\"fr_FR\" \/>\n<meta property=\"og:type\" content=\"article\" \/>\n<meta property=\"og:title\" content=\"Je voudrais devenir m\u00e8re de substitution - Repromeda\" \/>\n<meta property=\"og:description\" content=\"Quelles sont les conditions pour devenir une m\u00e8re de substitution\u2009? Souhaitez-vous aider un membre Lire la&nbsp;suite\" \/>\n<meta property=\"og:url\" content=\"https:\/\/www.repromeda.fr\/?page_id=3253\" \/>\n<meta property=\"og:site_name\" content=\"Repromeda\" \/>\n<meta property=\"article:modified_time\" content=\"2018-12-18T09:34:36+00:00\" \/>\n<meta property=\"og:image\" content=\"https:\/\/www.repromeda.fr\/wp-content\/uploads\/repromeda-social.png\" \/>\n\t<meta property=\"og:image:width\" content=\"1200\" \/>\n\t<meta property=\"og:image:height\" content=\"630\" \/>\n\t<meta property=\"og:image:type\" content=\"image\/png\" \/>\n<meta name=\"twitter:card\" content=\"summary_large_image\" \/>\n<meta name=\"twitter:label1\" content=\"Dur\u00e9e de lecture estim\u00e9e\" \/>\n\t<meta name=\"twitter:data1\" content=\"3 minutes\" \/>\n<script type=\"application\/ld+json\" class=\"yoast-schema-graph\">{\"@context\":\"https:\/\/schema.org\",\"@graph\":[{\"@type\":\"WebPage\",\"@id\":\"https:\/\/www.repromeda.fr\/?page_id=3253\",\"url\":\"https:\/\/www.repromeda.fr\/?page_id=3253\",\"name\":\"Je voudrais devenir m\u00e8re de substitution - Repromeda\",\"isPartOf\":{\"@id\":\"https:\/\/www.repromeda.fr\/#website\"},\"datePublished\":\"2018-12-18T09:34:03+00:00\",\"dateModified\":\"2018-12-18T09:34:36+00:00\",\"breadcrumb\":{\"@id\":\"https:\/\/www.repromeda.fr\/?page_id=3253#breadcrumb\"},\"inLanguage\":\"fr-FR\",\"potentialAction\":[{\"@type\":\"ReadAction\",\"target\":[\"https:\/\/www.repromeda.fr\/?page_id=3253\"]}]},{\"@type\":\"BreadcrumbList\",\"@id\":\"https:\/\/www.repromeda.fr\/?page_id=3253#breadcrumb\",\"itemListElement\":[{\"@type\":\"ListItem\",\"position\":1,\"name\":\"Repromeda\",\"item\":\"https:\/\/www.repromeda.fr\/\"},{\"@type\":\"ListItem\",\"position\":2,\"name\":\"Soins propos\u00e9s\",\"item\":\"https:\/\/www.repromeda.fr\/?page_id=92\"},{\"@type\":\"ListItem\",\"position\":3,\"name\":\"Maternit\u00e9 de substitution\",\"item\":\"https:\/\/www.repromeda.fr\/?page_id=3251\"},{\"@type\":\"ListItem\",\"position\":4,\"name\":\"Je voudrais devenir m\u00e8re de substitution\"}]},{\"@type\":\"WebSite\",\"@id\":\"https:\/\/www.repromeda.fr\/#website\",\"url\":\"https:\/\/www.repromeda.fr\/\",\"name\":\"Repromeda\",\"description\":\"Reproduk\u010dn\u00ed klinika\",\"potentialAction\":[{\"@type\":\"SearchAction\",\"target\":{\"@type\":\"EntryPoint\",\"urlTemplate\":\"https:\/\/www.repromeda.fr\/?s={search_term_string}\"},\"query-input\":\"required name=search_term_string\"}],\"inLanguage\":\"fr-FR\"}]}<\/script>\n<!-- \/ Yoast SEO plugin. -->","yoast_head_json":{"title":"Je voudrais devenir m\u00e8re de substitution - Repromeda","robots":{"index":"index","follow":"follow","max-snippet":"max-snippet:-1","max-image-preview":"max-image-preview:large","max-video-preview":"max-video-preview:-1"},"canonical":"https:\/\/www.repromeda.fr\/?page_id=3253","og_locale":"fr_FR","og_type":"article","og_title":"Je voudrais devenir m\u00e8re de substitution - Repromeda","og_description":"Quelles sont les conditions pour devenir une m\u00e8re de substitution\u2009? Souhaitez-vous aider un membre Lire la&nbsp;suite","og_url":"https:\/\/www.repromeda.fr\/?page_id=3253","og_site_name":"Repromeda","article_modified_time":"2018-12-18T09:34:36+00:00","og_image":[{"width":1200,"height":630,"url":"https:\/\/www.repromeda.fr\/wp-content\/uploads\/repromeda-social.png","type":"image\/png"}],"twitter_card":"summary_large_image","twitter_misc":{"Dur\u00e9e de lecture estim\u00e9e":"3 minutes"},"schema":{"@context":"https:\/\/schema.org","@graph":[{"@type":"WebPage","@id":"https:\/\/www.repromeda.fr\/?page_id=3253","url":"https:\/\/www.repromeda.fr\/?page_id=3253","name":"Je voudrais devenir m\u00e8re de substitution - Repromeda","isPartOf":{"@id":"https:\/\/www.repromeda.fr\/#website"},"datePublished":"2018-12-18T09:34:03+00:00","dateModified":"2018-12-18T09:34:36+00:00","breadcrumb":{"@id":"https:\/\/www.repromeda.fr\/?page_id=3253#breadcrumb"},"inLanguage":"fr-FR","potentialAction":[{"@type":"ReadAction","target":["https:\/\/www.repromeda.fr\/?page_id=3253"]}]},{"@type":"BreadcrumbList","@id":"https:\/\/www.repromeda.fr\/?page_id=3253#breadcrumb","itemListElement":[{"@type":"ListItem","position":1,"name":"Repromeda","item":"https:\/\/www.repromeda.fr\/"},{"@type":"ListItem","position":2,"name":"Soins propos\u00e9s","item":"https:\/\/www.repromeda.fr\/?page_id=92"},{"@type":"ListItem","position":3,"name":"Maternit\u00e9 de substitution","item":"https:\/\/www.repromeda.fr\/?page_id=3251"},{"@type":"ListItem","position":4,"name":"Je voudrais devenir m\u00e8re de substitution"}]},{"@type":"WebSite","@id":"https:\/\/www.repromeda.fr\/#website","url":"https:\/\/www.repromeda.fr\/","name":"Repromeda","description":"Reproduk\u010dn\u00ed klinika","potentialAction":[{"@type":"SearchAction","target":{"@type":"EntryPoint","urlTemplate":"https:\/\/www.repromeda.fr\/?s={search_term_string}"},"query-input":"required name=search_term_string"}],"inLanguage":"fr-FR"}]}},"_links":{"self":[{"href":"https:\/\/www.repromeda.fr\/index.php?rest_route=\/wp\/v2\/pages\/3253"}],"collection":[{"href":"https:\/\/www.repromeda.fr\/index.php?rest_route=\/wp\/v2\/pages"}],"about":[{"href":"https:\/\/www.repromeda.fr\/index.php?rest_route=\/wp\/v2\/types\/page"}],"author":[{"embeddable":true,"href":"https:\/\/www.repromeda.fr\/index.php?rest_route=\/wp\/v2\/users\/2"}],"replies":[{"embeddable":true,"href":"https:\/\/www.repromeda.fr\/index.php?rest_route=%2Fwp%2Fv2%2Fcomments&post=3253"}],"version-history":[{"count":1,"href":"https:\/\/www.repromeda.fr\/index.php?rest_route=\/wp\/v2\/pages\/3253\/revisions"}],"predecessor-version":[{"id":3254,"href":"https:\/\/www.repromeda.fr\/index.php?rest_route=\/wp\/v2\/pages\/3253\/revisions\/3254"}],"up":[{"embeddable":true,"href":"https:\/\/www.repromeda.fr\/index.php?rest_route=\/wp\/v2\/pages\/3251"}],"wp:attachment":[{"href":"https:\/\/www.repromeda.fr\/index.php?rest_route=%2Fwp%2Fv2%2Fmedia&parent=3253"}],"curies":[{"name":"wp","href":"https:\/\/api.w.org\/{rel}","templated":true}]}}