{"id":3073,"date":"2017-01-11T13:17:42","date_gmt":"2017-01-11T12:17:42","guid":{"rendered":"https:\/\/www.repromeda.fr\/?page_id=3073"},"modified":"2020-09-14T12:08:24","modified_gmt":"2020-09-14T11:08:24","slug":"information","status":"publish","type":"page","link":"https:\/\/www.repromeda.fr\/?page_id=3073","title":{"rendered":"Information"},"content":{"rendered":"<h1>Transport<\/h1>\n<p>Nous vous offrons le transport de l&rsquo;a\u00e9roport ou de la gare ou de la gare routi\u00e8re vers notre clinique gratuitement.<\/p>\n<p><strong>A\u00e9roports:<\/strong><\/p>\n<p>\u2022 A\u00e9roport de Brno<br \/>\n\u2022 A\u00e9roport de Bratislava &#8211; 140 km<br \/>\n\u2022 A\u00e9roport de Vienne &#8211; 190 km<br \/>\n\u2022 A\u00e9roport de Prague &#8211; 220 km<\/p>\n<p>Nous vous offrons \u00e9galement le transport de l&rsquo;h\u00f4tel \u00e0 notre clinique gratuitement.<\/p>\n<h1>H\u00f4tels<\/h1>\n<h2><a href=\"https:\/\/www.repromeda.fr\/wp-content\/uploads\/Letak_EN.pdf\">Barcel\u00f3<\/a><\/h2>\n<p><strong>La description:<\/strong><\/p>\n<p>Barcel\u00f3 Palace est le seul h\u00f4tel 5 \u00e9toiles \u00e0 Brno. Il est situ\u00e9 dans un prestigieux b\u00e2timent historique connu sous le nom de Cour municipale sur la place \u0160ilingrovo dans le centre-ville et il propose gratuitement un sauna et un centre de fitness et une connexion Wi-Fi. \u00c0 quelques pas, vous trouverez un certain nombre de sites historiques tels que la cath\u00e9drale de Saint-Pierre et Saint-Paul et la forteresse du Spielberg. Les chambres d\u00e9cor\u00e9es de fa\u00e7on unique garantissent un repos non perturb\u00e9.<\/p>\n<p><strong>Le prix des chambres:<\/strong><\/p>\n<p>Le prix est de 139 EUR \/ nuit et comprend le petit-d\u00e9jeuner et 15% de TVA.<\/p>\n<p><strong>Contacts:<\/strong><\/p>\n<p>Adresse: \u0160ilingrovo n\u00e1m 265\/2, Brno<br \/>\nPour les r\u00e9servations: www.barcelo.com\/cs\/hotely\/ceska-republika\/brno\/barcelo-brno-palace\/<br \/>\nE-mail: brnopalace@barcelo.com<\/p>\n<h2>FAIRHOTEL<\/h2>\n<p>Cet h\u00f4tel moderne et charmant a \u00e9t\u00e9 transform\u00e9 d\u2019une usine du XIXe si\u00e8cle, il se trouve seulement une minute \u00e0 pied du parc des expositions BVV et \u00e0 vingt minutes \u00e0 pied du centre-ville historique. Il faut environ 7 minutes en voiture (taxi) pour aller \u00e0 la clinique REPROMEDA. En saison hivernale, les clients peuvent s&rsquo;asseoir pr\u00e8s de la chemin\u00e9e, et en \u00e9t\u00e9, ils peuvent profiter de notre terrasse avec vue sur Brno. Vous pouvez aussi profiter un service de spa priv\u00e9 et un d\u00e9licieux repas dans notre restaurant FAIRCAFE. Les \u00e9quipements comprennent un ascenseur, un acc\u00e8s Wi-Fi haut d\u00e9bit, un parking s\u00e9curis\u00e9, une chambre accessible aux handicap\u00e9s et un service de r\u00e9ception 24h \/ 24.<\/p>\n<p>Les prix comprennent le petit-d\u00e9jeuner, les suites et les suites Junior sont \u00e9quip\u00e9es de lits suppl\u00e9mentaires pour 450 CZK \/ nuit.<\/p>\n<p><strong>Le prix des chambres:<\/strong><\/p>\n<p>En dehors des p\u00e9riodes d&rsquo;exposition, en utilisant le slogan promotionnel \u00ab\u00a0REPROMEDA\u00a0\u00bb, vous obtiendrez le prix:<\/p>\n<p>Chambre simple &#8211; CZK 1 620 CZK \/ nuit<\/p>\n<p>Chambre double &#8211; 2160 CZK \/ nuit (1890 CZK \/ nuit occup\u00e9e par une personne)<\/p>\n<p>Junior Suite &#8211; 2520 CZK \/ nuit (2250 CZK \/ nuit occup\u00e9e par une personne)<\/p>\n<p>Suite &#8211; 2790 CZK \/ nuit<\/p>\n<p>Le prix comprend le petit d\u00e9jeuner et la TVA 15%. Les Junior Suites and Suites sont \u00e9quip\u00e9es de lits suppl\u00e9mentaires pour 450 CZK \/ nuit.<\/p>\n<p><strong>Contact:<\/strong><\/p>\n<p>Adresse: Ryb\u00e1\u0159sk\u00e1 19, 603 00 Brno<br \/>\nPour r\u00e9servation: www.fairhotel.cz<br \/>\nCode de r\u00e9duction: REPROMEDA<br \/>\nE-mail: hotel@fairhotel.cz<\/p>\n<h2>HOLIDAY INN<\/h2>\n<p>Holiday Inn Brno fait partie d&rsquo;un groupe d&rsquo;h\u00f4tels multinationaux InterContinental Hotels Group (IHG), qui compte plus de 4 700 h\u00f4tels dans plus de 100 pays. Holiday Inn Brno offre 200 chambres class\u00e9es en trois cat\u00e9gories: Standard (double ou jumeau), Executive ou Suite. Toutes les chambres sont enti\u00e8rement climatis\u00e9es, \u00e9quip\u00e9es d&rsquo;un service de caf\u00e9 et de th\u00e9, les clients disposent d&rsquo;un choix des oreillers, d&rsquo;un peignoir et des chaussons. L&rsquo;h\u00f4tel offre \u00e9galement \u00e0 ses clients la zone de d\u00e9tente, o\u00f9 vous pouvez utiliser gratuitement le Minigym et le sauna avec une piscine de refroidissement, un massage et un bain \u00e0 remous. L&rsquo;h\u00f4tel propose une navette gratuite pour le centre-ville. La distance de la clinique est \u00e0 environ 7 minutes en voiture (taxi).<\/p>\n<p><strong>Le prix des chambres:<\/strong><\/p>\n<p>En dehors des p\u00e9riodes d&rsquo;exposition, en utilisant le slogan promotionnel \u00ab\u00a0REPROMEDA\u00a0\u00bb ou en cliquant sur le lien:<\/p>\n<p>Simple standard &#8211; 2245 CZK \/ nuit<\/p>\n<p>Double standard &#8211; 2700 CZK \/ nuit<\/p>\n<p>Executive Single &#8211; 2930 CZK \/ nuit<\/p>\n<p>Suite simple &#8211; 4080 CZK \/ nuit<\/p>\n<p>Le prix comprend le petit d\u00e9jeuner et la TVA 15%.<\/p>\n<p><strong>Contact:<\/strong><\/p>\n<p>K\u0159\u00ed\u017ekovsk\u00e9ho 20, 603 00 Brno<br \/>\nPour r\u00e9servation: www.hibrno.cz<br \/>\nCode de r\u00e9duction: REPROMEDA<br \/>\nE-mail: info@hibrno.cz<\/p>\n<p>&nbsp;<\/p>\n<p>&nbsp;<\/p>\n<h1>Appartements<\/h1>\n<h2>BISHOP Appartements<\/h2>\n<p><strong>La description:<\/strong><\/p>\n<p>Bishop Apartments offre l&rsquo;un des choix d&rsquo;h\u00e9bergement les plus pr\u00e9f\u00e9r\u00e9s \u00e0 Brno. Les appartements sont situ\u00e9s dans un b\u00e2timent historique r\u00e9cemment r\u00e9nov\u00e9 dans le v\u00e9ritable centre-ville de Brno, \u00e0 proximit\u00e9 de la gare principale ou de la place principale N\u00e1m\u011bst\u00ed Svobody. Les appartements ont le beau design et il sont spacieux et enti\u00e8rement \u00e9quip\u00e9s pour offrir un s\u00e9jour confortable \u00e0 tous les clients. Tous les appartements proposent un h\u00e9bergement moderne avec une touche de luxe. Il existe diff\u00e9rentes tailles d&rsquo;appartements (appartements d&rsquo;une ou deux chambres). Certaines poss\u00e8dent \u00e9galement un balcon ou une terrasse!<\/p>\n<p><strong>Le prix des chambres:<\/strong><\/p>\n<p>Le prix est de 60 EUR \/ nuit<\/p>\n<p>En utilisant le slogan promotionnel \u00ab\u00a0REPROMEDA\u00a0\u00bb, vous recevrez un rabais de 7% du prix total.<\/p>\n<p><strong>Contacts:<\/strong><\/p>\n<p>Adresse: Biskupsk\u00e1 8, Brno<\/p>\n<p>R\u00e9servation: tereza.dvorackova@bohemianestates.com<\/p>\n<p>Code de r\u00e9duction: REPROMEDA<\/p>\n<h2>HAPPY Apartment<\/h2>\n<p><strong>La description:<\/strong><\/p>\n<p>Happy Apartment est un appartement \u00e9l\u00e9gant avec un design original des ann\u00e9es 1960. Cela vous surprendra par des espaces de stockage sophistiqu\u00e9s et une barre miroir secr\u00e8te. Le v\u00e9ritable cerise sur le g\u00e2teau est une grande terrasse offrant une vue magnifique sur Brno. Bien s\u00fbr, le wifi et la climatisation sont inclus. Son emplacement est tout simplement parfait &#8211; le centre-ville est \u00e0 2 minutes \u00e0 pied.<\/p>\n<p><strong>Le prix des chambres:<\/strong><\/p>\n<p>Le prix est de 40 EUR \/ nuit<\/p>\n<p>En utilisant le slogan promotionnel \u00ab\u00a0REPROMEDA\u00a0\u00bb, vous recevrez un rabais de 7% du prix total.<\/p>\n<p><strong>Contact:<\/strong><\/p>\n<p>Adresse: Vesel\u00e1 37, Brno<br \/>\nAdresse e-mail: tereza.dvorackova@bohemianestates.com<br \/>\nCode de r\u00e9duction: REPROMEDA<\/p>\n<h1>De quoi faire \u00e0 Brno<\/h1>\n<p>Brno est la deuxi\u00e8me plus grande ville de la R\u00e9publique tch\u00e8que et est \u00e9galement l\u2019une des plus importantes villes historiques et culturelles. De plus, la ville de Brno est la capitale de la r\u00e9gion de la Moravie du Sud.<\/p>\n<p>Brno compte plus de 86 000 \u00e9tudiants sur ses 14 universit\u00e9s incluant 34 facult\u00e9s et trois campus. Cela est, entre autres, l\u2019une des raisons pourquoi une grande partie de la population parle anglais. Brno offre de nombreux caf\u00e9s et de bons restaurants o\u00f9 vous pouvez go\u00fbter des plats de cuisine internationale mais \u00e9galement des plats, des vins et des bi\u00e8res traditionnelles tch\u00e8ques.<\/p>\n<p>Pour vous occupez, essayez le Th\u00e9\u00e2tre National et son magnifique op\u00e9ra ou ballet, ou bien tentez une visite du ch\u00e2teau de \u0160pilberk. La ville organise \u00e9galement de nombreux \u00e9v\u00e9nements culturels et dispose de magnifiques monuments historiques. Dans les alentours de la ville de Brno se trouve un grand nombre de sites naturels, comme le Karst morave, et la r\u00e9gion propose \u00e9galement des loisirs sportifs.<\/p>\n<h1>Devise<\/h1>\n<p>\u2022 Couronne tch\u00e8que (CZK) &#8211; v\u00e9rifier le taux de change<\/p>\n<h1>Comment passer votre s\u00e9jour \u00e0 Brno<\/h1>\n<p>\u2022 Vieille ville de Brno<br \/>\n\u2022 Forteresse du Spielberg<br \/>\n\u2022 Th\u00e9\u00e2tre national<br \/>\n\u2022 Mus\u00e9e<br \/>\n\u2022 Wellness &amp; SPA<br \/>\n\u2022 Golf<br \/>\n\u2022\u00a0Moravsk\u00fd kras<\/p>\n<p>Plus de conseils et d\u2019informations<br \/>\n<a href=\"http:\/\/www.gotobrno.cz\">GO TO BRNO<\/a><\/p>\n<h1>Restaurants<\/h1>\n<p><strong>Luxe:<\/strong><\/p>\n<ul>\n<li>Borgo Agnese<\/li>\n<li>Pavillon<\/li>\n<li>Forhaus<\/li>\n<li>Koishi<\/li>\n<li>Retro Conistorium<\/li>\n<\/ul>\n<p><strong>Classe moyenne:<\/strong><\/p>\n<ul>\n<li>Lok\u00e1l<\/li>\n<li>Jakoby<\/li>\n<li>Cattani<\/li>\n<li>Soul<\/li>\n<li>Burger Inn<\/li>\n<li>Go<\/li>\n<li>Bistro Franz<\/li>\n<li>Jedna B\u00e1se\u0148<\/li>\n<\/ul>\n<p><strong>Caff\u00e9:<\/strong><\/p>\n<ul>\n<li>Kafec (also great breakfast)<\/li>\n<li>Mitte<\/li>\n<li>V Melounov\u00e9m cukru<\/li>\n<li>Punkt<\/li>\n<li>Skog<\/li>\n<li>Momenta<\/li>\n<li>Monogram Espresso Bar<\/li>\n<li>Tungsram<\/li>\n<\/ul>\n<p><strong>Bar et bi\u00e8re:<\/strong><\/p>\n<ul>\n<li>Na Stoj\u00e1ka<\/li>\n<li>Bar kter\u00fd neexistuje<\/li>\n<li>Spirit Bar<\/li>\n<li>Air cafe<\/li>\n<li>Super Panda Circus<\/li>\n<\/ul>\n","protected":false},"excerpt":{"rendered":"<p>Transport Nous vous offrons le transport de l&rsquo;a\u00e9roport ou de la gare ou de <a class=\"link\" href=\"https:\/\/www.repromeda.fr\/?page_id=3073\">Lire la&nbsp;suite<\/a><\/p>\n","protected":false},"author":2,"featured_media":0,"parent":0,"menu_order":0,"comment_status":"closed","ping_status":"closed","template":"templates\/usefull-info.php","meta":{"_acf_changed":false,"footnotes":""},"acf":[],"yoast_head":"<!-- This site is optimized with the Yoast SEO plugin v22.2 - https:\/\/yoast.com\/wordpress\/plugins\/seo\/ -->\n<title>Information - Repromeda<\/title>\n<meta name=\"robots\" content=\"index, follow, max-snippet:-1, max-image-preview:large, max-video-preview:-1\" \/>\n<link rel=\"canonical\" href=\"https:\/\/www.repromeda.fr\/?page_id=3073\" \/>\n<meta property=\"og:locale\" content=\"fr_FR\" \/>\n<meta property=\"og:type\" content=\"article\" \/>\n<meta property=\"og:title\" content=\"Information - Repromeda\" \/>\n<meta property=\"og:description\" content=\"We would like to thank you for helping to realize our dream, and we could become the parents of our beautiful daughter. Big thanks to the whole team Repromeda and especially would like to thank the doctor Tokareva, who was always smiling and optimistic, and it helped us a lot to cope with the whole situation and go into it fully.\" \/>\n<meta property=\"og:url\" content=\"https:\/\/www.repromeda.fr\/?page_id=3073\" \/>\n<meta property=\"og:site_name\" content=\"Repromeda\" \/>\n<meta property=\"article:modified_time\" content=\"2020-09-14T11:08:24+00:00\" \/>\n<meta property=\"og:image\" content=\"https:\/\/www.repromeda.fr\/wp-content\/uploads\/repromeda-social.png\" \/>\n\t<meta property=\"og:image:width\" content=\"1200\" \/>\n\t<meta property=\"og:image:height\" content=\"630\" \/>\n\t<meta property=\"og:image:type\" content=\"image\/png\" \/>\n<meta name=\"twitter:card\" content=\"summary_large_image\" \/>\n<meta name=\"twitter:label1\" content=\"Dur\u00e9e de lecture estim\u00e9e\" \/>\n\t<meta name=\"twitter:data1\" content=\"6 minutes\" \/>\n<script type=\"application\/ld+json\" class=\"yoast-schema-graph\">{\"@context\":\"https:\/\/schema.org\",\"@graph\":[{\"@type\":\"WebPage\",\"@id\":\"https:\/\/www.repromeda.fr\/?page_id=3073\",\"url\":\"https:\/\/www.repromeda.fr\/?page_id=3073\",\"name\":\"Information - Repromeda\",\"isPartOf\":{\"@id\":\"https:\/\/www.repromeda.fr\/#website\"},\"datePublished\":\"2017-01-11T12:17:42+00:00\",\"dateModified\":\"2020-09-14T11:08:24+00:00\",\"breadcrumb\":{\"@id\":\"https:\/\/www.repromeda.fr\/?page_id=3073#breadcrumb\"},\"inLanguage\":\"fr-FR\",\"potentialAction\":[{\"@type\":\"ReadAction\",\"target\":[\"https:\/\/www.repromeda.fr\/?page_id=3073\"]}]},{\"@type\":\"BreadcrumbList\",\"@id\":\"https:\/\/www.repromeda.fr\/?page_id=3073#breadcrumb\",\"itemListElement\":[{\"@type\":\"ListItem\",\"position\":1,\"name\":\"Repromeda\",\"item\":\"https:\/\/www.repromeda.fr\/\"},{\"@type\":\"ListItem\",\"position\":2,\"name\":\"Information\"}]},{\"@type\":\"WebSite\",\"@id\":\"https:\/\/www.repromeda.fr\/#website\",\"url\":\"https:\/\/www.repromeda.fr\/\",\"name\":\"Repromeda\",\"description\":\"Reproduk\u010dn\u00ed klinika\",\"potentialAction\":[{\"@type\":\"SearchAction\",\"target\":{\"@type\":\"EntryPoint\",\"urlTemplate\":\"https:\/\/www.repromeda.fr\/?s={search_term_string}\"},\"query-input\":\"required name=search_term_string\"}],\"inLanguage\":\"fr-FR\"}]}<\/script>\n<!-- \/ Yoast SEO plugin. -->","yoast_head_json":{"title":"Information - Repromeda","robots":{"index":"index","follow":"follow","max-snippet":"max-snippet:-1","max-image-preview":"max-image-preview:large","max-video-preview":"max-video-preview:-1"},"canonical":"https:\/\/www.repromeda.fr\/?page_id=3073","og_locale":"fr_FR","og_type":"article","og_title":"Information - Repromeda","og_description":"We would like to thank you for helping to realize our dream, and we could become the parents of our beautiful daughter. Big thanks to the whole team Repromeda and especially would like to thank the doctor Tokareva, who was always smiling and optimistic, and it helped us a lot to cope with the whole situation and go into it fully.","og_url":"https:\/\/www.repromeda.fr\/?page_id=3073","og_site_name":"Repromeda","article_modified_time":"2020-09-14T11:08:24+00:00","og_image":[{"width":1200,"height":630,"url":"https:\/\/www.repromeda.fr\/wp-content\/uploads\/repromeda-social.png","type":"image\/png"}],"twitter_card":"summary_large_image","twitter_misc":{"Dur\u00e9e de lecture estim\u00e9e":"6 minutes"},"schema":{"@context":"https:\/\/schema.org","@graph":[{"@type":"WebPage","@id":"https:\/\/www.repromeda.fr\/?page_id=3073","url":"https:\/\/www.repromeda.fr\/?page_id=3073","name":"Information - Repromeda","isPartOf":{"@id":"https:\/\/www.repromeda.fr\/#website"},"datePublished":"2017-01-11T12:17:42+00:00","dateModified":"2020-09-14T11:08:24+00:00","breadcrumb":{"@id":"https:\/\/www.repromeda.fr\/?page_id=3073#breadcrumb"},"inLanguage":"fr-FR","potentialAction":[{"@type":"ReadAction","target":["https:\/\/www.repromeda.fr\/?page_id=3073"]}]},{"@type":"BreadcrumbList","@id":"https:\/\/www.repromeda.fr\/?page_id=3073#breadcrumb","itemListElement":[{"@type":"ListItem","position":1,"name":"Repromeda","item":"https:\/\/www.repromeda.fr\/"},{"@type":"ListItem","position":2,"name":"Information"}]},{"@type":"WebSite","@id":"https:\/\/www.repromeda.fr\/#website","url":"https:\/\/www.repromeda.fr\/","name":"Repromeda","description":"Reproduk\u010dn\u00ed klinika","potentialAction":[{"@type":"SearchAction","target":{"@type":"EntryPoint","urlTemplate":"https:\/\/www.repromeda.fr\/?s={search_term_string}"},"query-input":"required name=search_term_string"}],"inLanguage":"fr-FR"}]}},"_links":{"self":[{"href":"https:\/\/www.repromeda.fr\/index.php?rest_route=\/wp\/v2\/pages\/3073"}],"collection":[{"href":"https:\/\/www.repromeda.fr\/index.php?rest_route=\/wp\/v2\/pages"}],"about":[{"href":"https:\/\/www.repromeda.fr\/index.php?rest_route=\/wp\/v2\/types\/page"}],"author":[{"embeddable":true,"href":"https:\/\/www.repromeda.fr\/index.php?rest_route=\/wp\/v2\/users\/2"}],"replies":[{"embeddable":true,"href":"https:\/\/www.repromeda.fr\/index.php?rest_route=%2Fwp%2Fv2%2Fcomments&post=3073"}],"version-history":[{"count":21,"href":"https:\/\/www.repromeda.fr\/index.php?rest_route=\/wp\/v2\/pages\/3073\/revisions"}],"predecessor-version":[{"id":5504,"href":"https:\/\/www.repromeda.fr\/index.php?rest_route=\/wp\/v2\/pages\/3073\/revisions\/5504"}],"wp:attachment":[{"href":"https:\/\/www.repromeda.fr\/index.php?rest_route=%2Fwp%2Fv2%2Fmedia&parent=3073"}],"curies":[{"name":"wp","href":"https:\/\/api.w.org\/{rel}","templated":true}]}}